{"id":34,"date":"2021-09-28T16:03:15","date_gmt":"2021-09-28T19:03:15","guid":{"rendered":"https:\/\/www.cmygper.org.ar\/_CM1\/?page_id=34"},"modified":"2024-08-22T17:21:21","modified_gmt":"2024-08-22T20:21:21","slug":"institucional","status":"publish","type":"page","link":"https:\/\/www.cmygper.org.ar\/_CM1\/institucional\/","title":{"rendered":"Institucional"},"content":{"rendered":"\n<div class=\"wp-block-cover is-light\" style=\"min-height:476px;aspect-ratio:unset;\"><span aria-hidden=\"true\" class=\"wp-block-cover__background has-background-dim-30 has-background-dim\"><\/span><img loading=\"lazy\" decoding=\"async\" width=\"743\" height=\"333\" class=\"wp-block-cover__image-background wp-image-35\" alt=\"\" src=\"https:\/\/www.cmygper.org.ar\/_CM1\/wp-content\/uploads\/2021\/09\/institucion.png\" data-object-fit=\"cover\" srcset=\"https:\/\/www.cmygper.org.ar\/_CM1\/wp-content\/uploads\/2021\/09\/institucion.png 743w, https:\/\/www.cmygper.org.ar\/_CM1\/wp-content\/uploads\/2021\/09\/institucion-300x134.png 300w, https:\/\/www.cmygper.org.ar\/_CM1\/wp-content\/uploads\/2021\/09\/institucion-600x269.png 600w, https:\/\/www.cmygper.org.ar\/_CM1\/wp-content\/uploads\/2021\/09\/institucion-400x179.png 400w\" sizes=\"auto, (max-width: 743px) 100vw, 743px\" \/><div class=\"wp-block-cover__inner-container is-layout-flow wp-block-cover-is-layout-flow\">\n<h1 class=\"wp-block-heading has-text-align-center has-white-color has-text-color\">Estimados Colegas y dem\u00e1s Visitanes:<\/h1>\n<\/div><\/div>\n\n\n\n<hr class=\"wp-block-separator has-text-color has-white-color has-css-opacity has-white-background-color has-background\"\/>\n\n\n\n<div class=\"wp-block-columns is-layout-flex wp-container-core-columns-is-layout-9d6595d7 wp-block-columns-is-layout-flex\">\n<div class=\"wp-block-column is-layout-flow wp-block-column-is-layout-flow\" style=\"flex-basis:66.66%\">\n<p class=\"has-normal-font-size\">Tengo el gratisimo honor de darle la bienvenida al sitio de nuestro&nbsp;<strong>COLEGIO DE MANDATARIOS Y GESTORES DE LA PROVINCIA DE ENTRE RIOS<\/strong><\/p>\n\n\n\n<p class=\"has-normal-font-size\">Como habr\u00e1 podido apreciar estamos estrenando dise\u00f1o y formato, intentando poner a su alcance una mejor experiencia en ocasi\u00f3n de su visita.<\/p>\n\n\n\n<p class=\"has-normal-font-size\">Es mi deseo y el de todo el Consejo Directivo que tengo el honor de presidir, que esta, nuestra casa virtual sea de su agrado y por su intermedio logremos estrechar v\u00ednculos que aporten a una mejor comunicaci\u00f3n e interacci\u00f3n rec\u00edproca.<\/p>\n\n\n\n<p class=\"has-normal-font-size\">En este 2017 nuestro Colegio cumple 10 a\u00f1os de vida, en los cuales hemos compartido muchas cosas, hemos cumplido muchos objetivos y hemos experimentado un crecimiento institucional m\u00e1s que evidente.<\/p>\n\n\n\n<p class=\"has-normal-font-size\">Desde el Consejo Directivo esperamos sinceramente seguir en ese camino, el camino del esfuerzo y del trabajo, pero tambi\u00e9n el de las satisfacciones y el orgullo por las metas alcanzadas.<\/p>\n\n\n\n<p class=\"has-normal-font-size\">Sin m\u00e1s que decirles y quedando, como siempre, a su entera disposici\u00f3n, me despido con el cari\u00f1o de siempre.<\/p>\n\n\n\n<p class=\"has-normal-font-size\">ALBORNOZ, Juan Carlos &#8211; PRESIDENTE C.M. y G.P.E.R.<\/p>\n<\/div>\n\n\n\n<div class=\"wp-block-column has-black-color has-text-color has-background is-layout-flow wp-block-column-is-layout-flow\" style=\"background-color:#e0f2eb;flex-basis:33.33%\">\n<p class=\"has-text-align-center\" style=\"font-size:11px\">Cr\u00e9ase el Colegio de Mandatarios y Gestores de la Provincia de Entre R\u00edos, con capacidad para actuar como persona de derecho p\u00fablico, no estatal, siendo su domicilio legal en la ciudad de Paran\u00e1, con jurisdicci\u00f3n en toda la Provincia de Entre R\u00edos. Sancionada el 26-09-07 en la H.C.D. \u2013 Presidida por el Dr. Orlando Engelmann. Promulgaci\u00f3n 19-10-2007<\/p>\n\n\n\n<div class=\"wp-block-media-text alignwide has-media-on-the-right is-stacked-on-mobile\"><div class=\"wp-block-media-text__content\">\n<p class=\"has-text-align-center has-text-color\" style=\"color:#2f6e92;font-size:12px\"><strong><a href=\"https:\/\/drive.google.com\/file\/d\/1J4ltljclenkRwg9-znGZfYD3LIaC3FmG\/view?usp=sharing\" data-type=\"URL\" data-id=\"https:\/\/drive.google.com\/file\/d\/1J4ltljclenkRwg9-znGZfYD3LIaC3FmG\/view?usp=sharing\" target=\"_blank\" rel=\"noreferrer noopener\">Ley N\u00ba 9798 &#8211;<br>Bajar<\/a><\/strong><\/p>\n<\/div><figure class=\"wp-block-media-text__media\"><a href=\"https:\/\/drive.google.com\/file\/d\/1J4ltljclenkRwg9-znGZfYD3LIaC3FmG\/view?usp=sharing\" target=\"_blank\" rel=\"noopener\"><img loading=\"lazy\" decoding=\"async\" width=\"73\" height=\"81\" src=\"https:\/\/www.cmygper.org.ar\/_CM1\/wp-content\/uploads\/2021\/10\/pdf.png\" alt=\"\" class=\"wp-image-254 size-full\" srcset=\"https:\/\/www.cmygper.org.ar\/_CM1\/wp-content\/uploads\/2021\/10\/pdf.png 73w, https:\/\/www.cmygper.org.ar\/_CM1\/wp-content\/uploads\/2021\/10\/pdf-54x60.png 54w\" sizes=\"auto, (max-width: 73px) 100vw, 73px\" \/><\/a><\/figure><\/div>\n\n\n\n<p class=\"has-text-align-center has-small-font-size\"><strong>ESTATUTO DE <br>FUNCIONAMIENTO INTERNO<\/strong><\/p>\n\n\n\n<div class=\"wp-block-media-text has-media-on-the-right is-stacked-on-mobile\"><div class=\"wp-block-media-text__content\">\n<p class=\"has-text-align-center has-small-font-size\"><a href=\"https:\/\/drive.google.com\/file\/d\/1wlfgXiz7oxR5HX24bPUTZnwu7DEqpk4B\/view?usp=drive_link\"><strong>Bajar Estatuto<\/strong><\/a><\/p>\n<\/div><figure class=\"wp-block-media-text__media\"><img loading=\"lazy\" decoding=\"async\" width=\"73\" height=\"81\" src=\"https:\/\/www.cmygper.org.ar\/_CM1\/wp-content\/uploads\/2023\/08\/pdf.png\" alt=\"\" class=\"wp-image-519 size-full\" srcset=\"https:\/\/www.cmygper.org.ar\/_CM1\/wp-content\/uploads\/2023\/08\/pdf.png 73w, https:\/\/www.cmygper.org.ar\/_CM1\/wp-content\/uploads\/2023\/08\/pdf-54x60.png 54w\" sizes=\"auto, (max-width: 73px) 100vw, 73px\" \/><\/figure><\/div>\n<\/div>\n<\/div>\n","protected":false},"excerpt":{"rendered":"<p>Tengo el gratisimo honor de darle la bienvenida al sitio &hellip; <\/p>\n","protected":false},"author":1,"featured_media":35,"parent":0,"menu_order":0,"comment_status":"closed","ping_status":"closed","template":"templates\/portfolio.php","meta":{"footnotes":""},"class_list":["post-34","page","type-page","status-publish","has-post-thumbnail","hentry"],"_links":{"self":[{"href":"https:\/\/www.cmygper.org.ar\/_CM1\/wp-json\/wp\/v2\/pages\/34","targetHints":{"allow":["GET"]}}],"collection":[{"href":"https:\/\/www.cmygper.org.ar\/_CM1\/wp-json\/wp\/v2\/pages"}],"about":[{"href":"https:\/\/www.cmygper.org.ar\/_CM1\/wp-json\/wp\/v2\/types\/page"}],"author":[{"embeddable":true,"href":"https:\/\/www.cmygper.org.ar\/_CM1\/wp-json\/wp\/v2\/users\/1"}],"replies":[{"embeddable":true,"href":"https:\/\/www.cmygper.org.ar\/_CM1\/wp-json\/wp\/v2\/comments?post=34"}],"version-history":[{"count":14,"href":"https:\/\/www.cmygper.org.ar\/_CM1\/wp-json\/wp\/v2\/pages\/34\/revisions"}],"predecessor-version":[{"id":536,"href":"https:\/\/www.cmygper.org.ar\/_CM1\/wp-json\/wp\/v2\/pages\/34\/revisions\/536"}],"wp:featuredmedia":[{"embeddable":true,"href":"https:\/\/www.cmygper.org.ar\/_CM1\/wp-json\/wp\/v2\/media\/35"}],"wp:attachment":[{"href":"https:\/\/www.cmygper.org.ar\/_CM1\/wp-json\/wp\/v2\/media?parent=34"}],"curies":[{"name":"wp","href":"https:\/\/api.w.org\/{rel}","templated":true}]}}