{"id":295,"date":"2021-10-18T17:38:08","date_gmt":"2021-10-18T20:38:08","guid":{"rendered":"https:\/\/www.cmygper.org.ar\/_CM1\/?page_id=295"},"modified":"2021-10-18T17:46:03","modified_gmt":"2021-10-18T20:46:03","slug":"295-2","status":"publish","type":"page","link":"https:\/\/www.cmygper.org.ar\/_CM1\/295-2\/","title":{"rendered":"Reuni\u00f3n de trabajo. (05-2017)"},"content":{"rendered":"\n<figure class=\"wp-block-gallery aligncenter columns-1 is-cropped wp-block-gallery-1 is-layout-flex wp-block-gallery-is-layout-flex\"><ul class=\"blocks-gallery-grid\"><li class=\"blocks-gallery-item\"><figure><img loading=\"lazy\" decoding=\"async\" width=\"300\" height=\"245\" src=\"https:\/\/www.cmygper.org.ar\/_CM1\/wp-content\/uploads\/2021\/10\/p1-384x314-1-300x245.jpg\" alt=\"\" data-id=\"271\" data-full-url=\"https:\/\/www.cmygper.org.ar\/_CM1\/wp-content\/uploads\/2021\/10\/p1-384x314-1.jpg\" data-link=\"https:\/\/www.cmygper.org.ar\/_CM1\/prensa\/p1-384x314-1\/\" class=\"wp-image-271\" srcset=\"https:\/\/www.cmygper.org.ar\/_CM1\/wp-content\/uploads\/2021\/10\/p1-384x314-1-300x245.jpg 300w, https:\/\/www.cmygper.org.ar\/_CM1\/wp-content\/uploads\/2021\/10\/p1-384x314-1-73x60.jpg 73w, https:\/\/www.cmygper.org.ar\/_CM1\/wp-content\/uploads\/2021\/10\/p1-384x314-1.jpg 384w\" sizes=\"auto, (max-width: 300px) 100vw, 300px\" \/><\/figure><\/li><\/ul><\/figure>\n\n\n\n<hr class=\"wp-block-separator\"\/>\n\n\n\n<p>Reuni\u00f3n de trabajo entre el Diputado Provincial Pedro Baez y nuestro Presidente Jos\u00e9 Luis R\u00edos. Se desarrollaron temas institucionales de gran importancia. Gracias Diputado Baez por recibirnos. (24-05-2017)<\/p>\n","protected":false},"excerpt":{"rendered":"<p>Reuni\u00f3n de trabajo entre el Diputado Provincial Pedro Baez y &hellip; <\/p>\n","protected":false},"author":1,"featured_media":0,"parent":0,"menu_order":0,"comment_status":"closed","ping_status":"closed","template":"","meta":{"footnotes":""},"class_list":["post-295","page","type-page","status-publish","hentry"],"_links":{"self":[{"href":"https:\/\/www.cmygper.org.ar\/_CM1\/wp-json\/wp\/v2\/pages\/295","targetHints":{"allow":["GET"]}}],"collection":[{"href":"https:\/\/www.cmygper.org.ar\/_CM1\/wp-json\/wp\/v2\/pages"}],"about":[{"href":"https:\/\/www.cmygper.org.ar\/_CM1\/wp-json\/wp\/v2\/types\/page"}],"author":[{"embeddable":true,"href":"https:\/\/www.cmygper.org.ar\/_CM1\/wp-json\/wp\/v2\/users\/1"}],"replies":[{"embeddable":true,"href":"https:\/\/www.cmygper.org.ar\/_CM1\/wp-json\/wp\/v2\/comments?post=295"}],"version-history":[{"count":5,"href":"https:\/\/www.cmygper.org.ar\/_CM1\/wp-json\/wp\/v2\/pages\/295\/revisions"}],"predecessor-version":[{"id":303,"href":"https:\/\/www.cmygper.org.ar\/_CM1\/wp-json\/wp\/v2\/pages\/295\/revisions\/303"}],"wp:attachment":[{"href":"https:\/\/www.cmygper.org.ar\/_CM1\/wp-json\/wp\/v2\/media?parent=295"}],"curies":[{"name":"wp","href":"https:\/\/api.w.org\/{rel}","templated":true}]}}