{"id":291,"date":"2021-10-18T17:32:27","date_gmt":"2021-10-18T20:32:27","guid":{"rendered":"https:\/\/www.cmygper.org.ar\/_CM1\/?page_id=291"},"modified":"2021-10-18T17:45:27","modified_gmt":"2021-10-18T20:45:27","slug":"visita-de-diputados-06-2017","status":"publish","type":"page","link":"https:\/\/www.cmygper.org.ar\/_CM1\/visita-de-diputados-06-2017\/","title":{"rendered":"Visita de Diputados (06-2017)"},"content":{"rendered":"\n<figure class=\"wp-block-gallery aligncenter columns-1 is-cropped wp-block-gallery-1 is-layout-flex wp-block-gallery-is-layout-flex\"><ul class=\"blocks-gallery-grid\"><li class=\"blocks-gallery-item\"><figure><img loading=\"lazy\" decoding=\"async\" width=\"384\" height=\"314\" src=\"https:\/\/www.cmygper.org.ar\/_CM1\/wp-content\/uploads\/2021\/10\/p2-384x314-1.jpg\" alt=\"\" data-id=\"269\" data-full-url=\"https:\/\/www.cmygper.org.ar\/_CM1\/wp-content\/uploads\/2021\/10\/p2-384x314-1.jpg\" data-link=\"https:\/\/www.cmygper.org.ar\/_CM1\/prensa\/p2-384x314-1\/\" class=\"wp-image-269\" srcset=\"https:\/\/www.cmygper.org.ar\/_CM1\/wp-content\/uploads\/2021\/10\/p2-384x314-1.jpg 384w, https:\/\/www.cmygper.org.ar\/_CM1\/wp-content\/uploads\/2021\/10\/p2-384x314-1-300x245.jpg 300w, https:\/\/www.cmygper.org.ar\/_CM1\/wp-content\/uploads\/2021\/10\/p2-384x314-1-73x60.jpg 73w\" sizes=\"auto, (max-width: 384px) 100vw, 384px\" \/><\/figure><\/li><\/ul><\/figure>\n\n\n\n<hr class=\"wp-block-separator\"\/>\n\n\n\n<p>Nos visitaron en nuestra casa los diputados Emilce Pross y Gustavo Guzm\u00e1n, con quienes mantuvimos una fruct\u00edfera reuni\u00f3n de trabajo.<br>Nuestro agradecimiento a ambos por su visita! (06-06-2017)<\/p>\n","protected":false},"excerpt":{"rendered":"<p>Nos visitaron en nuestra casa los diputados Emilce Pross y &hellip; <\/p>\n","protected":false},"author":1,"featured_media":0,"parent":0,"menu_order":0,"comment_status":"closed","ping_status":"closed","template":"","meta":{"footnotes":""},"class_list":["post-291","page","type-page","status-publish","hentry"],"_links":{"self":[{"href":"https:\/\/www.cmygper.org.ar\/_CM1\/wp-json\/wp\/v2\/pages\/291","targetHints":{"allow":["GET"]}}],"collection":[{"href":"https:\/\/www.cmygper.org.ar\/_CM1\/wp-json\/wp\/v2\/pages"}],"about":[{"href":"https:\/\/www.cmygper.org.ar\/_CM1\/wp-json\/wp\/v2\/types\/page"}],"author":[{"embeddable":true,"href":"https:\/\/www.cmygper.org.ar\/_CM1\/wp-json\/wp\/v2\/users\/1"}],"replies":[{"embeddable":true,"href":"https:\/\/www.cmygper.org.ar\/_CM1\/wp-json\/wp\/v2\/comments?post=291"}],"version-history":[{"count":2,"href":"https:\/\/www.cmygper.org.ar\/_CM1\/wp-json\/wp\/v2\/pages\/291\/revisions"}],"predecessor-version":[{"id":302,"href":"https:\/\/www.cmygper.org.ar\/_CM1\/wp-json\/wp\/v2\/pages\/291\/revisions\/302"}],"wp:attachment":[{"href":"https:\/\/www.cmygper.org.ar\/_CM1\/wp-json\/wp\/v2\/media?parent=291"}],"curies":[{"name":"wp","href":"https:\/\/api.w.org\/{rel}","templated":true}]}}